{"id":14,"date":"2025-07-30T03:37:21","date_gmt":"2025-07-30T03:37:21","guid":{"rendered":"https:\/\/www.viareglobal.com\/about-us\/"},"modified":"2025-09-08T04:41:11","modified_gmt":"2025-09-08T04:41:11","slug":"acerca-de-nosotros","status":"publish","type":"page","link":"https:\/\/www.viareglobal.com\/es\/acerca-de-nosotros\/","title":{"rendered":"Acerca de Nosotros"},"content":{"rendered":"\n<figure class=\"wp-block-image alignwide size-large\"><img loading=\"lazy\" decoding=\"async\" width=\"1024\" height=\"384\" src=\"https:\/\/www.viareglobal.com\/wp-content\/uploads\/2025\/09\/palacio-pekin-techos-dorados-1024x384.png\" alt=\"Vista de los palacios tradicionales en Pek\u00edn con techos dorados, muros rojos y detalles ornamentales, representando la arquitectura hist\u00f3rica china.\" class=\"wp-image-479\" srcset=\"https:\/\/www.viareglobal.com\/wp-content\/uploads\/2025\/09\/palacio-pekin-techos-dorados-1024x384.png 1024w, https:\/\/www.viareglobal.com\/wp-content\/uploads\/2025\/09\/palacio-pekin-techos-dorados-300x113.png 300w, https:\/\/www.viareglobal.com\/wp-content\/uploads\/2025\/09\/palacio-pekin-techos-dorados-768x288.png 768w, https:\/\/www.viareglobal.com\/wp-content\/uploads\/2025\/09\/palacio-pekin-techos-dorados-1536x576.png 1536w, https:\/\/www.viareglobal.com\/wp-content\/uploads\/2025\/09\/palacio-pekin-techos-dorados-18x7.png 18w, https:\/\/www.viareglobal.com\/wp-content\/uploads\/2025\/09\/palacio-pekin-techos-dorados.png 1600w\" sizes=\"auto, (max-width: 1024px) 100vw, 1024px\" \/><\/figure>\n\n\n\n<div style=\"color:#ddd\" class=\"wp-block-genesis-blocks-gb-spacer gb-block-spacer gb-divider-solid gb-divider-size-1\"><hr style=\"height:29px\"\/><\/div>\n\n\n\n<div class=\"wp-block-columns alignwide has-2-columns is-layout-flex wp-container-core-columns-is-layout-9d6595d7 wp-block-columns-is-layout-flex\">\n<div class=\"wp-block-column is-layout-flow wp-block-column-is-layout-flow\">\n<h1 class=\"wp-block-heading\">Acerca de Nosotros<\/h1>\n\n\n\n<h5 class=\"wp-block-heading\">ASESORES EXPERTOS PARA AYUDARTE A OBTENER TU VISA A LA CHINA DE FORMA R\u00c1PIDA Y SEGURA<\/h5>\n\n\n\n<p>En&nbsp;<strong>Viare Global<\/strong>&nbsp;entendemos que tramitar una visa para la China desde Estados Unidos puede ser un proceso confuso, estresante y lleno de detalles t\u00e9cnicos. Nuestro objetivo es eliminar esa carga, brind\u00e1ndote una experiencia profesional, clara y segura.<\/p>\n\n\n\n<h4 class=\"wp-block-heading\">Cada solicitud es revisada minuciosamente. Cada cliente recibe atenci\u00f3n experta y dedicada con trato amable y confiable. Porque mereces que tu viaje comience con tranquilidad.<\/h4>\n\n\n\n<p>Brindamos un servicio de visado personalizado para ciudadanos y residentes de EE.UU. que viajan a China \u2014 exclusivamente para quienes est\u00e1n bajo la jurisdicci\u00f3n de la Embajada China en Washington, D.C. Te guiamos paso a paso desde el formulario COVA hasta la presentaci\u00f3n ante el consulado, manejando cada detalle con claridad, seguridad y puntualidad. Ya sea por turismo o negocios, nuestro equipo biling\u00fce (espa\u00f1ol\/ingl\u00e9s) hace que tu solicitud de visa para la China sea sin estr\u00e9s ni complicaciones.<\/p>\n<\/div>\n\n\n\n<div class=\"wp-block-column is-layout-flow wp-block-column-is-layout-flow\">\n<div style=\"color:#ddd\" class=\"wp-block-genesis-blocks-gb-spacer gb-block-spacer gb-divider-solid gb-divider-size-1\"><hr style=\"height:50px\"\/><\/div>\n\n\n\n<p class=\"has-text-align-right\">+1 202.902.8202<\/p>\n\n\n\n<p class=\"has-text-align-right\"><br>4938 Hampden Lane # 460<br>Bethesda, MD 20814<br><br><\/p>\n<\/div>\n<\/div>\n","protected":false},"excerpt":{"rendered":"<p>Acerca de Nosotros ASESORES EXPERTOS PARA AYUDARTE A OBTENER TU VISA A LA CHINA DE FORMA R\u00c1PIDA Y SEGURA En&nbsp;Viare Global&nbsp;entendemos que tramitar una visa para la China desde Estados Unidos puede ser un proceso confuso, estresante y lleno de detalles t\u00e9cnicos. Nuestro objetivo es eliminar esa carga, brind\u00e1ndote una experiencia profesional, clara y segura. [&hellip;]<\/p>\n","protected":false},"author":2,"featured_media":0,"parent":0,"menu_order":0,"comment_status":"closed","ping_status":"closed","template":"page-templates\/blocks.php","meta":{"_genesis_hide_title":false,"_genesis_hide_breadcrumbs":false,"_genesis_hide_singular_image":false,"_genesis_hide_footer_widgets":false,"_genesis_custom_body_class":"","_genesis_custom_post_class":"","_genesis_layout":"","footnotes":""},"class_list":{"0":"post-14","1":"page","2":"type-page","3":"status-publish","5":"entry"},"featured_image_src":null,"featured_image_src_square":null,"_links":{"self":[{"href":"https:\/\/www.viareglobal.com\/es\/wp-json\/wp\/v2\/pages\/14","targetHints":{"allow":["GET"]}}],"collection":[{"href":"https:\/\/www.viareglobal.com\/es\/wp-json\/wp\/v2\/pages"}],"about":[{"href":"https:\/\/www.viareglobal.com\/es\/wp-json\/wp\/v2\/types\/page"}],"author":[{"embeddable":true,"href":"https:\/\/www.viareglobal.com\/es\/wp-json\/wp\/v2\/users\/2"}],"replies":[{"embeddable":true,"href":"https:\/\/www.viareglobal.com\/es\/wp-json\/wp\/v2\/comments?post=14"}],"version-history":[{"count":8,"href":"https:\/\/www.viareglobal.com\/es\/wp-json\/wp\/v2\/pages\/14\/revisions"}],"predecessor-version":[{"id":490,"href":"https:\/\/www.viareglobal.com\/es\/wp-json\/wp\/v2\/pages\/14\/revisions\/490"}],"wp:attachment":[{"href":"https:\/\/www.viareglobal.com\/es\/wp-json\/wp\/v2\/media?parent=14"}],"curies":[{"name":"wp","href":"https:\/\/api.w.org\/{rel}","templated":true}]}}