{"id":18,"date":"2025-07-30T03:37:22","date_gmt":"2025-07-30T03:37:22","guid":{"rendered":"https:\/\/www.viareglobal.com\/pricing-page\/"},"modified":"2025-08-17T05:15:24","modified_gmt":"2025-08-17T05:15:24","slug":"servicios","status":"publish","type":"page","link":"https:\/\/www.viareglobal.com\/es\/servicios\/","title":{"rendered":"Servicios"},"content":{"rendered":"\n<h1 class=\"wp-block-heading has-text-align-center\">Servicios<\/h1>\n\n\n\n<h5 class=\"wp-block-heading has-text-align-center\">Elige el nivel de servicio que mejor se adapte a tu viaje<\/h5>\n\n\n\n<p>Ofrecemos tres niveles de servicio dise\u00f1ados para distintos perfiles de viajero. Ya sea que necesites solo una gu\u00eda b\u00e1sica, un acompa\u00f1amiento experto o una gesti\u00f3n completa y personalizada, Viare Global tiene una opci\u00f3n para ti.<\/p>\n\n\n\n<div class=\"wp-block-genesis-blocks-gb-pricing gb-pricing-columns-3 alignwide\"><div class=\"gb-pricing-table-wrap gb-block-pricing-table-gap-1\">\n<div class=\"wp-block-genesis-blocks-gb-pricing-table gb-block-pricing-table-center gb-block-pricing-table\" itemscope itemtype=\"http:\/\/schema.org\/Product\"><div class=\"gb-block-pricing-table-inside\" style=\"background-color:#f4f4f4\">\n<div itemprop=\"name\" style=\"padding-top:30px;padding-right:20px;padding-bottom:10px;padding-left:20px\" class=\"wp-block-genesis-blocks-gb-pricing-table-title gb-pricing-table-title has-larger-font-size\"><strong>Essentials<\/strong><\/div>\n\n\n\n<div class=\"wp-block-genesis-blocks-gb-pricing-table-subtitle gb-pricing-table-subtitle\" style=\"font-size:14px;color:#555555;padding-top:10px;padding-right:20px;padding-bottom:10px;padding-left:20px\"><em><strong>Para quienes prefieren claridad, no complicaciones.<\/strong><br>Todo lo que necesitas para gestionar tu visa con confianza y sin rodeos.<\/em><\/div>\n\n\n\n<div class=\"wp-block-genesis-blocks-gb-pricing-table-price gb-pricing-table-price-wrap gb-pricing-has-currency\" style=\"padding-top:10px;padding-right:20px;padding-bottom:10px;padding-left:20px\"><div itemprop=\"offers\" itemscope itemtype=\"http:\/\/schema.org\/Offer\"><span itemprop=\"priceCurrency\" class=\"gb-pricing-table-currency\" style=\"font-size:20px\">$<\/span><div itemprop=\"price\" class=\"gb-pricing-table-price\" style=\"font-size:50px\"><strong>375<\/strong><\/div><\/div><\/div>\n\n\n\n<div class=\"wp-block-genesis-blocks-gb-pricing-table-features\" itemprop=\"description\">\n<ul style=\"padding-top:15px;padding-right:20px;padding-bottom:15px;padding-left:20px;font-size:16px\" class=\"wp-block-list gb-pricing-table-features gb-list-border-none gb-list-border-width-1\">\n<li> Panel de cliente seguro y personalizado<\/li>\n\n\n\n<li>Lista de verificaci\u00f3n paso a paso<\/li>\n\n\n\n<li><em>Cliente llena formulario COVA <\/em><\/li>\n\n\n\n<li><em>1 ronda de revisi\u00f3n por email<\/em><\/li>\n\n\n\n<li><em>Env\u00edo de regreso con FedEx o UPS<\/em><\/li>\n\n\n\n<li>Entrega y recogida de pasaporte <\/li>\n\n\n\n<li>Apoyo biling\u00fce (espa\u00f1ol\/ingl\u00e9s)<\/li>\n\n\n\n<li>Actualizaciones por Email + SMS<\/li>\n\n\n\n<li>Tarifa consular<\/li>\n\n\n\n<li>Tiempo de procesamiento estimado:<\/li>\n\n\n\n<li> <strong>11\u201315 d\u00edas h\u00e1biles<\/strong><\/li>\n<\/ul>\n<\/div>\n\n\n\n<div class=\"wp-block-genesis-blocks-gb-pricing-table-button gb-pricing-table-button\" style=\"padding-top:15px;padding-right:20px;padding-bottom:35px;padding-left:20px\"><div class=\"gb-block-button\"><a href=\"https:\/\/www.viareglobal.com\/formulario-inicial\/\" class=\"gb-button gb-button-shape-square gb-button-size-medium\" style=\"color:#5e5f4d;background-color:#d0dbce\">Solicito Essentials<\/a><\/div><\/div>\n<\/div><\/div>\n\n\n\n<div class=\"wp-block-genesis-blocks-gb-pricing-table gb-block-pricing-table-center gb-block-pricing-table pricing-featured\" itemscope itemtype=\"http:\/\/schema.org\/Product\"><div class=\"gb-block-pricing-table-inside\" style=\"background-color:#ffffff\">\n<div itemprop=\"name\" style=\"padding-top:30px;padding-right:20px;padding-bottom:10px;padding-left:20px\" class=\"wp-block-genesis-blocks-gb-pricing-table-title gb-pricing-table-title has-larger-font-size\">Premier<\/div>\n\n\n\n<div class=\"wp-block-genesis-blocks-gb-pricing-table-subtitle gb-pricing-table-subtitle\" style=\"font-size:14px;color:#555555;padding-top:10px;padding-right:20px;padding-bottom:10px;padding-left:20px\"><em><strong>La tranquilidad que necesitas, el respaldo que mereces.<\/strong><br>Ideal para familias, nuevos viajeros o quienes quieren un proceso guiado de principio a fin.<\/em><\/div>\n\n\n\n<div class=\"wp-block-genesis-blocks-gb-pricing-table-price gb-pricing-table-price-wrap gb-pricing-has-currency\" style=\"padding-top:10px;padding-right:20px;padding-bottom:10px;padding-left:20px\"><div itemprop=\"offers\" itemscope itemtype=\"http:\/\/schema.org\/Offer\"><span itemprop=\"priceCurrency\" class=\"gb-pricing-table-currency\" style=\"font-size:20px\">$<\/span><div itemprop=\"price\" class=\"gb-pricing-table-price\" style=\"font-size:50px\"><strong>545<\/strong><\/div><\/div><\/div>\n\n\n\n<div class=\"wp-block-genesis-blocks-gb-pricing-table-features\" itemprop=\"description\">\n<ul style=\"padding-top:15px;padding-right:20px;padding-bottom:15px;padding-left:20px;font-size:16px\" class=\"wp-block-list gb-pricing-table-features gb-list-border-none gb-list-border-width-1\">\n<li> Panel de cliente seguro y personalizado<\/li>\n\n\n\n<li>Lista de verificaci\u00f3n paso a paso<\/li>\n\n\n\n<li>Viare Global llena formulario COVA<\/li>\n\n\n\n<li><em>2<\/em> rondas de revisi\u00f3n<\/li>\n\n\n\n<li>Env\u00edo de ida y regreso con FedEx o UPS<\/li>\n\n\n\n<li>Entrega y recogida de pasaporte<\/li>\n\n\n\n<li>Apoyo biling\u00fce (espa\u00f1ol\/ingl\u00e9s)<\/li>\n\n\n\n<li>Actualizaciones por Email + SMS<\/li>\n\n\n\n<li>Interpretaci\u00f3n de reglas para viajes complejos<\/li>\n\n\n\n<li>L\u00ednea directa por WhatsApp<\/li>\n\n\n\n<li>Tarifa consular<\/li>\n\n\n\n<li>Tiempo de procesamiento estimado:<\/li>\n\n\n\n<li><strong>8\u201310 d\u00edas h\u00e1biles<\/strong><\/li>\n<\/ul>\n<\/div>\n\n\n\n<div class=\"wp-block-genesis-blocks-gb-pricing-table-button gb-pricing-table-button\" style=\"padding-top:15px;padding-right:20px;padding-bottom:35px;padding-left:20px\"><div class=\"gb-block-button\"><a href=\"https:\/\/www.viareglobal.com\/formulario-inicial\/\" class=\"gb-button gb-button-shape-square gb-button-size-medium\" style=\"color:#ffffff;background-color:#c98a1d\">Elijo Premier<\/a><\/div><\/div>\n<\/div><\/div>\n\n\n\n<div class=\"wp-block-genesis-blocks-gb-pricing-table gb-block-pricing-table-center gb-block-pricing-table\" itemscope itemtype=\"http:\/\/schema.org\/Product\"><div class=\"gb-block-pricing-table-inside\" style=\"background-color:#f4f4f4\">\n<div itemprop=\"name\" style=\"padding-top:30px;padding-right:20px;padding-bottom:10px;padding-left:20px\" class=\"wp-block-genesis-blocks-gb-pricing-table-title gb-pricing-table-title has-larger-font-size\"><strong>Concierge<\/strong><\/div>\n\n\n\n<div class=\"wp-block-genesis-blocks-gb-pricing-table-subtitle gb-pricing-table-subtitle\" style=\"font-size:14px;color:#555555;padding-top:10px;padding-right:20px;padding-bottom:10px;padding-left:20px\"><em><strong>Servicio premium pensado para que no tengas que pensar en nada.<\/strong><br>Asistencia completa, personalizada y sin estr\u00e9s \u2014 nosotros lo hacemos todo por ti.<\/em><\/div>\n\n\n\n<div class=\"wp-block-genesis-blocks-gb-pricing-table-price gb-pricing-table-price-wrap gb-pricing-has-currency\" style=\"padding-top:10px;padding-right:20px;padding-bottom:10px;padding-left:20px\"><div itemprop=\"offers\" itemscope itemtype=\"http:\/\/schema.org\/Offer\"><span itemprop=\"priceCurrency\" class=\"gb-pricing-table-currency\" style=\"font-size:20px\">$<\/span><div itemprop=\"price\" class=\"gb-pricing-table-price\" style=\"font-size:50px\"><strong>695<\/strong><\/div><\/div><\/div>\n\n\n\n<div class=\"wp-block-genesis-blocks-gb-pricing-table-features\" itemprop=\"description\">\n<ul style=\"padding-top:15px;padding-right:20px;padding-bottom:15px;padding-left:20px;font-size:16px\" class=\"wp-block-list gb-pricing-table-features gb-list-border-none gb-list-border-width-1\">\n<li> Panel de cliente seguro y personalizado<\/li>\n\n\n\n<li>Lista de verificaci\u00f3n paso a paso<\/li>\n\n\n\n<li>Viare Global llena formulario COVA<\/li>\n\n\n\n<li><em>2<\/em> rondas de revisi\u00f3n<\/li>\n\n\n\n<li>Env\u00edo de ida y regreso con FedEx o UPS<\/li>\n\n\n\n<li>Entrega y recogida de pasaporte<\/li>\n\n\n\n<li>Apoyo biling\u00fce (espa\u00f1ol\/ingl\u00e9s)<\/li>\n\n\n\n<li>Actualizaciones por Email + SMS<\/li>\n\n\n\n<li>Interpretaci\u00f3n de reglas para viajes complejos<\/li>\n\n\n\n<li>L\u00ednea directa por WhatsApp<\/li>\n\n\n\n<li>Llamada 1:1 (Google Meet o tel\u00e9fono)<\/li>\n\n\n\n<li>Manejo y precio especial para grupos (hasta 4 personas)<\/li>\n\n\n\n<li>Orientaci\u00f3n personalizada sobre el cronograma de tu tr\u00e1mite<\/li>\n\n\n\n<li>Tarifa consular<\/li>\n\n\n\n<li>Tiempo de procesamiento estimado:<\/li>\n\n\n\n<li><strong>5\u20137 d\u00edas h\u00e1biles<\/strong><\/li>\n<\/ul>\n<\/div>\n\n\n\n<div class=\"wp-block-genesis-blocks-gb-pricing-table-button gb-pricing-table-button\" style=\"padding-top:15px;padding-right:20px;padding-bottom:35px;padding-left:20px\"><div class=\"gb-block-button\"><a href=\"https:\/\/www.viareglobal.com\/formulario-inicial\/\" class=\"gb-button gb-button-shape-square gb-button-size-medium\" style=\"color:#e1d0d6;background-color:#c452af\">Quiero Concierge<\/a><\/div><\/div>\n<\/div><\/div>\n<\/div><\/div>\n","protected":false},"excerpt":{"rendered":"<p>Servicios Elige el nivel de servicio que mejor se adapte a tu viaje Ofrecemos tres niveles de servicio dise\u00f1ados para distintos perfiles de viajero. Ya sea que necesites solo una gu\u00eda b\u00e1sica, un acompa\u00f1amiento experto o una gesti\u00f3n completa y personalizada, Viare Global tiene una opci\u00f3n para ti.<\/p>\n","protected":false},"author":2,"featured_media":0,"parent":0,"menu_order":0,"comment_status":"closed","ping_status":"closed","template":"page-templates\/blocks.php","meta":{"_genesis_hide_title":false,"_genesis_hide_breadcrumbs":false,"_genesis_hide_singular_image":false,"_genesis_hide_footer_widgets":false,"_genesis_custom_body_class":"","_genesis_custom_post_class":"","_genesis_layout":"","footnotes":""},"class_list":{"0":"post-18","1":"page","2":"type-page","3":"status-publish","5":"entry"},"featured_image_src":null,"featured_image_src_square":null,"_links":{"self":[{"href":"https:\/\/www.viareglobal.com\/es\/wp-json\/wp\/v2\/pages\/18","targetHints":{"allow":["GET"]}}],"collection":[{"href":"https:\/\/www.viareglobal.com\/es\/wp-json\/wp\/v2\/pages"}],"about":[{"href":"https:\/\/www.viareglobal.com\/es\/wp-json\/wp\/v2\/types\/page"}],"author":[{"embeddable":true,"href":"https:\/\/www.viareglobal.com\/es\/wp-json\/wp\/v2\/users\/2"}],"replies":[{"embeddable":true,"href":"https:\/\/www.viareglobal.com\/es\/wp-json\/wp\/v2\/comments?post=18"}],"version-history":[{"count":10,"href":"https:\/\/www.viareglobal.com\/es\/wp-json\/wp\/v2\/pages\/18\/revisions"}],"predecessor-version":[{"id":449,"href":"https:\/\/www.viareglobal.com\/es\/wp-json\/wp\/v2\/pages\/18\/revisions\/449"}],"wp:attachment":[{"href":"https:\/\/www.viareglobal.com\/es\/wp-json\/wp\/v2\/media?parent=18"}],"curies":[{"name":"wp","href":"https:\/\/api.w.org\/{rel}","templated":true}]}}